{"id":5,"date":"2016-02-07T21:29:09","date_gmt":"2016-02-07T20:29:09","guid":{"rendered":"http:\/\/stamperamentvoll.de\/new-page\/"},"modified":"2018-05-20T21:38:41","modified_gmt":"2018-05-20T19:38:41","slug":"new-page","status":"publish","type":"page","link":"https:\/\/stamperamentvoll.de\/?page_id=5","title":{"rendered":"Impressum"},"content":{"rendered":"<h2>Angaben gem\u00e4\u00df \u00a7 5 TMG:<\/h2>\n<p>Anja Eisermann<br \/>\nRosa-Luxemburg-Str. 26b<br \/>\n16816 Neuruppin<\/p>\n<h2>Kontakt:<\/h2>\n<p>E-Mail: info(\u00c4T)stamperamentvoll.de<\/p>\n<p>Copyright Header by kjpargeter<\/p>\n<h2>Haftungsausschluss (Disclaimer)<\/h2>\n<p><strong>Haftung f\u00fcr Inhalte<\/strong><\/p>\n<p>Als Diensteanbieter sind wir gem\u00e4\u00df \u00a7 7 Abs.1 TMG f\u00fcr eigene Inhalte auf diesen Seiten nach den allgemeinen Gesetzen verantwortlich. Nach \u00a7\u00a7 8 bis 10 TMG sind wir als Diensteanbieter jedoch nicht verpflichtet, \u00fcbermittelte oder gespeicherte fremde Informationen zu \u00fcberwachen oder nach Umst\u00e4nden zu forschen, die auf eine rechtswidrige T\u00e4tigkeit hinweisen. Verpflichtungen zur Entfernung oder Sperrung der Nutzung von Informationen nach den allgemeinen Gesetzen bleiben hiervon unber\u00fchrt. Eine diesbez\u00fcgliche Haftung ist jedoch erst ab dem Zeitpunkt der Kenntnis einer konkreten Rechtsverletzung m\u00f6glich. Bei Bekanntwerden von entsprechenden Rechtsverletzungen werden wir diese Inhalte umgehend entfernen.<\/p>\n<p><strong>Haftung f\u00fcr Links<\/strong><\/p>\n<p>Unser Angebot enth\u00e4lt Links zu externen Webseiten Dritter, auf deren Inhalte wir keinen Einfluss haben. Deshalb k\u00f6nnen wir f\u00fcr diese fremden Inhalte auch keine Gew\u00e4hr \u00fcbernehmen. F\u00fcr die Inhalte der verlinkten Seiten ist stets der jeweilige Anbieter oder Betreiber der Seiten verantwortlich. Die verlinkten Seiten wurden zum Zeitpunkt der Verlinkung auf m\u00f6gliche Rechtsverst\u00f6\u00dfe \u00fcberpr\u00fcft. Rechtswidrige Inhalte waren zum Zeitpunkt der Verlinkung nicht erkennbar. Eine permanente inhaltliche Kontrolle der verlinkten Seiten ist jedoch ohne konkrete Anhaltspunkte einer Rechtsverletzung nicht zumutbar. Bei Bekanntwerden von Rechtsverletzungen werden wir derartige Links umgehend entfernen.<\/p>\n<p><strong>Urheberrecht<\/strong><\/p>\n<p>Die durch die Seitenbetreiber erstellten Inhalte und Werke auf diesen Seiten unterliegen dem deutschen Urheberrecht. Die Vervielf\u00e4ltigung, Bearbeitung, Verbreitung und jede Art der Verwertung au\u00dferhalb der Grenzen des Urheberrechtes bed\u00fcrfen der schriftlichen Zustimmung des jeweiligen Autors bzw. Erstellers. Downloads und Kopien dieser Seite sind nur f\u00fcr den privaten, nicht kommerziellen Gebrauch gestattet. Soweit die Inhalte auf dieser Seite nicht vom Betreiber erstellt wurden, werden die Urheberrechte Dritter beachtet. Insbesondere werden Inhalte Dritter als solche gekennzeichnet. Sollten Sie trotzdem auf eine Urheberrechtsverletzung aufmerksam werden, bitten wir um einen entsprechenden Hinweis. Bei Bekanntwerden von Rechtsverletzungen werden wir derartige Inhalte umgehend entfernen.<\/p>\n<p><strong>Datenschutzerkl\u00e4rung<\/strong><\/p>\n<p>Der nachfolgende Text dient Ihrer Information \u00fcber die von uns vorgenommene Verarbeitung Ihrer personenbezogenen Daten im Rahmen unseres Internetangebots.<\/p>\n<p><strong>Verantwortlicher<\/strong><\/p>\n<p>Anja Eisermann<br \/>\nRosa-Luxemburg-Str. 26b<br \/>\n16816 Neuruppin<\/p>\n<p>E-Mail: info(\u00c4T)stamperamentvoll.de<\/p>\n<p><strong>Wann verarbeiten wir welche personenbezogenen Daten<\/strong><\/p>\n<p>In folgenden F\u00e4llen verarbeiten wir von Ihnen personenbezogene Daten:<\/p>\n<ol>\n<li>Besuch unserer Website \u2013 Wir speichern in Ihrem Browser sog. Session-Cookies.<\/li>\n<li>Nutzung des Kontaktformulars der Website \u2013 Es werden die von Ihnen angegebenen Daten verarbeitet.<\/li>\n<li>Anmeldung am Newsletter \u2013 Es werden die von Ihnen angegebenen Daten verarbeitet.<\/li>\n<li>Dar\u00fcber hinaus setzen wir beim Besuch unserer Website Cookies sowie Analysedienste ein. Mehr Informationen dazu unter dem Punkt \u201eAnalysewerkzeuge\u201c.<\/li>\n<\/ol>\n<p><strong>Zwecke der Datenverarbeitung<\/strong><\/p>\n<p>Wir verwenden die von Ihnen aktiv mitgeteilten personenbezogenen Daten nur f\u00fcr den jeweils vereinbarten Zweck und nur im erforderlichen Umfang.<\/p>\n<ol>\n<li>Cookies, die in Ihrem Browser f\u00fcr die Dauer des Besuchs unserer Website gespeichert werden, dienen der technischen Durchf\u00fchrung der von Ihnen gew\u00fcnschten Funktionalit\u00e4ten, Rechtsgrundlage der Verarbeitung ist ab dem 25. Mai 2018 Art. 6 (1) b) DSGVO.<\/li>\n<li>Daten, die Sie uns im Zusammenhang mit einer Kontakt-Anfrage mitteilen, werden nur f\u00fcr die Bearbeitung der Anfrage verarbeitet. Rechtsgrundlage der Verarbeitung ist ab dem 25. Mai 2018 Art. 6 (1) b) DSGVO.<\/li>\n<li>Daten, die Sie uns im Zusammenhang mit einer Newsletter-Anmeldung mitteilen, werden nur f\u00fcr den Versand des Newsletters verarbeitet. Rechtsgrundlage der Verarbeitung ist ab dem 25. Mai 2018 Art. 6 (1) a) DSGVO.<\/li>\n<\/ol>\n<p><strong>Kategorien von Empf\u00e4ngern der personenbezog<\/strong><\/p>\n<p>Empf\u00e4nger der personenbezogenen Daten sind:<\/p>\n<ul>\n<li>All-inklusive (Server Bereitstellung \u2013 gilt f\u00fcr a) und b) )<\/li>\n<li>MailChimp (Newsletter-Versand)<\/li>\n<\/ul>\n<p><strong>Dauer, f\u00fcr die die personenbezogenen Daten gespeichert werden<\/strong><\/p>\n<ol>\n<li>Cookies werden in Ihrem Browser als sog. Session-Cookies gespeichert, sodass Ihr Browser diese nach Verlassen der Website automatisiert wieder l\u00f6scht. Die Dauer der Speicherung folgt in diesem Fall aus der technischen Funktionalit\u00e4t des von Ihnen verwendeten Browsers.<\/li>\n<li>Personenbezogene Daten, die uns im Zusammenhang mit einer Kontakt-Anfrage auf unserer Website \u00fcbermittelt werden, werden f\u00fcr die Dauer der Bearbeitung der Anfrage gespeichert.<\/li>\n<li>Personenbezogene Daten, die uns im Zusammenhang mit einer Newsletter-Anmeldung auf unserer Website \u00fcbermittelt werden, werden so lange gespeichert, bis Sie sich vom Newsletter abmelden. Ein Abmeldelink ist in jedem Newsletter enthalten.<\/li>\n<li>Personenbezogene Daten, die im Zusammenhang mit der Web-Analyse gesammelt werden, werden f\u00fcr die Dauer von 2 Jahren gespeichert.<\/li>\n<\/ol>\n<p><strong>Recht auf Auskunft, Berichtigung, L\u00f6schung, Einschr\u00e4nkung<\/strong><\/p>\n<p>Der betroffenen Person steht das Recht auf Auskunft \u00fcber die betreffenden personenbezogenen Daten sowie auf Berichtigung oder L\u00f6schung oder auf Einschr\u00e4nkung der Verarbeitung zu. Ferner hat sie ein Widerspruchsrecht gegen die Verarbeitung.<\/p>\n<p><strong>Recht auf Daten\u00fcbertragbarkeit<\/strong><\/p>\n<p>Der betroffenen Person steht das Recht auf Daten\u00fcbertragbarkeit zu.<\/p>\n<p><strong>Bestehen eines Beschwerderechts bei der Aufsichtsbeh\u00f6rde<\/strong><\/p>\n<p>Sie haben das Recht, sich bei der Aufsichtsbeh\u00f6rde zu beschweren.<\/p>\n<p><strong>Bereitstellung der personenbezogenen Daten<\/strong><\/p>\n<p>Es besteht f\u00fcr Sie keine gesetzliche Pflicht zur Bereitstellung von personenbezogenen Daten.<\/p>\n<p><strong>Automatisierte Entscheidungsfindung einschlie\u00dflich\u00a0Profiling<\/strong><\/p>\n<p>Es erfolgt keine automatisierte Entscheidungsfindung einschlie\u00dflich Profiling unter Verwendung personenbezogener Daten.<\/p>\n<p><strong>Analyse Werkzeuge<\/strong><\/p>\n<p>Unsere Website verwendet Matomo (ehemals Piwik), dabei handelt es sich um einen sogenannten Webanalysedienst. Matomo verwendet sog. \u201cCookies\u201d, das sind Textdateien, die auf Ihrem Computer gespeichert werden und die unsererseits eine Analyse der Benutzung der Webseite erm\u00f6glichen. Zu diesem Zweck werden die durch den Cookie erzeugten Nutzungsinformationen (einschlie\u00dflich Ihrer gek\u00fcrzten IP-Adresse) an unseren Server \u00fcbertragen und zu Nutzungsanalysezwecken gespeichert, was der Webseitenoptimierung unsererseits dient. Ihre IP-Adresse wird bei diesem Vorgang umge\u00adhend anony\u00admi\u00adsiert, so dass Sie als Nutzer f\u00fcr uns anonym bleiben. Die durch den Cookie erzeugten Informationen \u00fcber Ihre Benutzung dieser Webseite werden nicht an Dritte weitergegeben. Sie k\u00f6nnen die Verwendung der Cookies durch eine entsprechende Einstellung Ihrer Browser Software verhindern, es kann jedoch sein, dass Sie in diesem Fall gegebenenfalls nicht s\u00e4mtliche Funktionen dieser Website voll umf\u00e4nglich nutzen k\u00f6nnen.<\/p>\n<p>Wenn Sie mit der Spei\u00adche\u00adrung und Aus\u00adwer\u00adtung die\u00adser Daten aus Ihrem Besuch nicht ein\u00adver\u00adstan\u00adden sind, dann k\u00f6n\u00adnen Sie der Spei\u00adche\u00adrung und Nut\u00adzung nachfolgend per Maus\u00adklick jederzeit wider\u00adspre\u00adchen. In diesem Fall wird in Ihrem Browser ein sog. Opt-Out-Cookie abgelegt, was zur Folge hat, dass Matomo kei\u00adner\u00adlei Sit\u00adzungs\u00adda\u00adten erhebt.<\/p>\n<p><strong>Achtung<\/strong>: Wenn Sie Ihre Cookies l\u00f6schen, so hat dies zur Folge, dass auch das Opt-Out-Cookie gel\u00f6scht wird und ggf. von Ihnen erneut aktiviert werden muss.<\/p>\n<p><a href=\"\/\/www.pinterest.com\/pin\/create\/button\/\" data-pin-do=\"buttonBookmark\" data-pin-color=\"red\" data-pin-height=\"128\"><img src=\"\/\/assets.pinterest.com\/images\/pidgets\/pinit_fg_en_rect_red_28.png\" \/><\/a><\/p>","protected":false},"excerpt":{"rendered":"<p>Angaben gem\u00e4\u00df \u00a7 5 TMG: Anja Eisermann Rosa-Luxemburg-Str. 26b 16816 Neuruppin Kontakt: E-Mail: info(\u00c4T)stamperamentvoll.de Copyright Header by kjpargeter Haftungsausschluss (Disclaimer) Haftung f\u00fcr Inhalte Als Diensteanbieter sind wir gem\u00e4\u00df \u00a7 7 Abs.1 TMG f\u00fcr eigene Inhalte auf diesen Seiten nach den allgemeinen Gesetzen verantwortlich. Nach \u00a7\u00a7 8 bis 10 TMG sind wir als Diensteanbieter jedoch nicht &#8230; <span class=\"more\"><a class=\"more-link\" href=\"https:\/\/stamperamentvoll.de\/?page_id=5\">[mehr&#8230;]<\/a><\/span><\/p>\n","protected":false},"author":1,"featured_media":0,"parent":0,"menu_order":2,"comment_status":"closed","ping_status":"closed","template":"","meta":[],"_links":{"self":[{"href":"https:\/\/stamperamentvoll.de\/index.php?rest_route=\/wp\/v2\/pages\/5"}],"collection":[{"href":"https:\/\/stamperamentvoll.de\/index.php?rest_route=\/wp\/v2\/pages"}],"about":[{"href":"https:\/\/stamperamentvoll.de\/index.php?rest_route=\/wp\/v2\/types\/page"}],"author":[{"embeddable":true,"href":"https:\/\/stamperamentvoll.de\/index.php?rest_route=\/wp\/v2\/users\/1"}],"replies":[{"embeddable":true,"href":"https:\/\/stamperamentvoll.de\/index.php?rest_route=%2Fwp%2Fv2%2Fcomments&post=5"}],"version-history":[{"count":6,"href":"https:\/\/stamperamentvoll.de\/index.php?rest_route=\/wp\/v2\/pages\/5\/revisions"}],"predecessor-version":[{"id":2146,"href":"https:\/\/stamperamentvoll.de\/index.php?rest_route=\/wp\/v2\/pages\/5\/revisions\/2146"}],"wp:attachment":[{"href":"https:\/\/stamperamentvoll.de\/index.php?rest_route=%2Fwp%2Fv2%2Fmedia&parent=5"}],"curies":[{"name":"wp","href":"https:\/\/api.w.org\/{rel}","templated":true}]}}