{"id":6,"date":"2016-02-07T21:29:09","date_gmt":"2016-02-07T20:29:09","guid":{"rendered":"http:\/\/stamperamentvoll.de\/about\/"},"modified":"2019-03-18T22:42:06","modified_gmt":"2019-03-18T21:42:06","slug":"about","status":"publish","type":"page","link":"https:\/\/stamperamentvoll.de\/?page_id=6","title":{"rendered":"\u00dcber mich"},"content":{"rendered":"<p>Ochn\u00f6\u00f6\u00f6\u00f6, schon wieder ein Blog \u2026 Ja aber klar! \u00a0Wie soll ich sonst meine Kreativit\u00e4t in die Welt streuen, auf dass sie wachse und gedeihe? Ich schnibbele und klebe mich durch&#8217;s Leben und habe jede Menge Spa\u00df dabei. \u00a0xD<\/p>\n<ul>\n<li>Spass am kreativen Gestalten? \u2013 Check!<\/li>\n<li>Pinterest? \u2013 Check!<\/li>\n<li>Blog? \u00a0\u2013 Check!<\/li>\n<li>Youtube? \u2013 nur keine Eile \u2013 Kameras tragen auf<\/li>\n<\/ul>\n<hr \/>\n<p><strong>2018<\/strong><\/p>\n<p><img loading=\"lazy\" class=\"alignleft wp-image-2597\" src=\"http:\/\/stamperamentvoll.de\/wp-content\/uploads\/2018\/09\/Stempelk\u00fcche-Gewinner.jpg\" alt=\"\" width=\"160\" height=\"81\" srcset=\"https:\/\/stamperamentvoll.de\/wp-content\/uploads\/2018\/09\/Stempelk\u00fcche-Gewinner.jpg 320w, https:\/\/stamperamentvoll.de\/wp-content\/uploads\/2018\/09\/Stempelk\u00fcche-Gewinner-300x152.jpg 300w\" sizes=\"(max-width: 160px) 100vw, 160px\" \/><\/p>\n<p style=\"text-align: right;\">M\u00e4rz 2019 &#8211; <a href=\"http:\/\/stempelkueche-challenge.blogspot.com\/2019\/03\/erinnerung-challenge-114-und-gewinner.html\">Gewonnen bei Stempelk\u00fcche-Die Challenge<\/a><br \/>\nSeptember 2018 &#8211; <a href=\"http:\/\/stempelkueche-challenge.blogspot.com\/2018\/09\/erinnerung-challenge-102-und-gewinner.html\">Gewonnen bei Stempelk\u00fcche-Die Challenge<\/a><\/p>\n<p><img loading=\"lazy\" class=\"alignleft wp-image-2409\" src=\"http:\/\/stamperamentvoll.de\/wp-content\/uploads\/2018\/08\/38277368_2025231617510728_3895914604559073280_n.jpg\" alt=\"\" width=\"130\" height=\"130\" srcset=\"https:\/\/stamperamentvoll.de\/wp-content\/uploads\/2018\/08\/38277368_2025231617510728_3895914604559073280_n.jpg 500w, https:\/\/stamperamentvoll.de\/wp-content\/uploads\/2018\/08\/38277368_2025231617510728_3895914604559073280_n-150x150.jpg 150w, https:\/\/stamperamentvoll.de\/wp-content\/uploads\/2018\/08\/38277368_2025231617510728_3895914604559073280_n-300x300.jpg 300w\" sizes=\"(max-width: 130px) 100vw, 130px\" \/><\/p>\n<p style=\"text-align: right;\">Juli 2018 &#8211; <a href=\"http:\/\/createasmilestamps.blogspot.com\/2018\/07\/winners-from-special-day-challenge.html\">Featured Artist at Create a Smile<\/a><\/p>\n<p style=\"text-align: right;\"><span style=\"color: #000000;\"><img loading=\"lazy\" class=\"alignleft wp-image-2208\" src=\"http:\/\/stamperamentvoll.de\/wp-content\/uploads\/2018\/06\/winner_badge2.jpg\" alt=\"\" width=\"160\" height=\"75\" srcset=\"https:\/\/stamperamentvoll.de\/wp-content\/uploads\/2018\/06\/winner_badge2.jpg 886w, https:\/\/stamperamentvoll.de\/wp-content\/uploads\/2018\/06\/winner_badge2-300x140.jpg 300w, https:\/\/stamperamentvoll.de\/wp-content\/uploads\/2018\/06\/winner_badge2-768x359.jpg 768w\" sizes=\"(max-width: 160px) 100vw, 160px\" \/>Dezember 2018 &#8211; <a href=\"https:\/\/taskfortwotuesday.blogspot.com\/2018\/12\/task-for-two-tuesday-117-weihnachtsmann.html\">Gewonnen bei Task for Two Tuesday<\/a><\/span><br \/>\nOktober 2018 &#8211; <a href=\"https:\/\/taskfortwotuesday.blogspot.com\/2018\/10\/task-for-two-tuesday-112-rahmen.html\">Gewonnen bei Task for Two Tuesday<\/a><br \/>\nSeptember 2018 &#8211; <a href=\"https:\/\/taskfortwotuesday.blogspot.com\/2018\/09\/task-for-two-tuesday-110-mit-passendem.html\">Gewonnen bei Task for Two Tuesday<\/a><\/p>\n<p style=\"text-align: right;\">Juni 2018 &#8211; <a href=\"https:\/\/taskfortwotuesday.blogspot.com\/2018\/06\/task-for-two-tuesday-103-name.html\">Gewonnen bei Task for Two Tuesday<\/a><\/p>\n<p><img loading=\"lazy\" class=\"alignleft wp-image-177\" src=\"http:\/\/stamperamentvoll.de\/wp-content\/uploads\/2016\/02\/Download-1.png\" alt=\"\" width=\"160\" height=\"112\" \/><\/p>\n<p style=\"text-align: right;\">Mai 2018 &#8211; <a href=\"http:\/\/www.inkspire-me.com\/2018\/05\/inkspireme-challenge-349-winners.html\">Winner bei IN{K}SPIRE_me<\/a><\/p>\n<p><img loading=\"lazy\" class=\"alignleft wp-image-831\" src=\"http:\/\/stamperamentvoll.de\/wp-content\/uploads\/2016\/02\/top3.png\" alt=\"\" width=\"180\" height=\"127\" \/><\/p>\n<p style=\"text-align: right;\">Juni 2018 &#8211; <a href=\"http:\/\/challengeupyourlife.blogspot.com\/2018\/06\/challenge-92-gewinner-top-3.html#.Wx1t1BP4nDc\">Top 3 bei Challenge up your life<\/a><br \/>\nMai 2018 &#8211; <a href=\"http:\/\/challengeupyourlife.blogspot.com\/2018\/05\/challenge-92-gold.html#.WxLe1hP4nDc\">Top 3 bei Challenge up your life<\/a><br \/>\nApril 2018 &#8211; <a href=\"http:\/\/challengeupyourlife.blogspot.de\/2018\/04\/challenge-89-gewinner-top-3.html#.WuTaG-qsaUk\">Top 3 bei Challenge up your life<\/a><\/p>\n<p><a href=\"http:\/\/challengeupyourlife.blogspot.de\/2017\/04\/challenge-62-gewinner-top-3.html#.WPJzVzFSCUk\"><img loading=\"lazy\" class=\"alignleft wp-image-833\" src=\"http:\/\/stamperamentvoll.de\/wp-content\/uploads\/2016\/02\/winner_cuyl.jpg\" alt=\"\" width=\"200\" height=\"124\" srcset=\"https:\/\/stamperamentvoll.de\/wp-content\/uploads\/2016\/02\/winner_cuyl.jpg 800w, https:\/\/stamperamentvoll.de\/wp-content\/uploads\/2016\/02\/winner_cuyl-300x186.jpg 300w, https:\/\/stamperamentvoll.de\/wp-content\/uploads\/2016\/02\/winner_cuyl-768x476.jpg 768w\" sizes=\"(max-width: 200px) 100vw, 200px\" \/><\/a><\/p>\n<p style=\"text-align: right;\"><span style=\"color: #ffffff;\">&#8211;<\/span><br \/>\n<span style=\"color: #ffffff;\">&#8211;<\/span><br \/>\nFebruar 2018 &#8211;\u00a0<a href=\"http:\/\/challengeupyourlife.blogspot.de\/2018\/02\/challenge-83-gewinner-top-3.html#.WnYwTuHkSUk\">Winner bei Challenge up your life<\/a><\/p>\n<p><img loading=\"lazy\" class=\"alignleft wp-image-1342\" src=\"http:\/\/stamperamentvoll.de\/wp-content\/uploads\/2016\/02\/Badge-Runner-up-1.jpg\" alt=\"\" width=\"180\" height=\"126\" \/><\/p>\n<p style=\"text-align: right;\">August 2018 &#8211; <a href=\"http:\/\/www.inkspire-me.com\/2018\/08\/inkspireme-challenge-360-winners-mit.html\">Runner up bei\u00a0IN{K}SPIRE_me<\/a><br \/>\nApril 2018 &#8211;\u00a0<a href=\"http:\/\/www.inkspire-me.com\/2018\/04\/inkspireme-challenge-345-winner.html\">Runner up bei IN{K}SPIRE_me<\/a><br \/>\nJanuar 2018 &#8211; <a href=\"http:\/\/www.inkspire-me.com\/2018\/01\/inkspireme-333-winners.html\">Runner up bei IN{K}SPIRE_me<\/a><\/p>\n<hr \/>\n<p><strong>2017<\/strong><\/p>\n<p><img loading=\"lazy\" class=\"alignleft wp-image-2091\" src=\"http:\/\/stamperamentvoll.de\/wp-content\/uploads\/2018\/05\/winner_badge2.jpg\" alt=\"\" width=\"180\" height=\"84\" srcset=\"https:\/\/stamperamentvoll.de\/wp-content\/uploads\/2018\/05\/winner_badge2.jpg 886w, https:\/\/stamperamentvoll.de\/wp-content\/uploads\/2018\/05\/winner_badge2-300x140.jpg 300w, https:\/\/stamperamentvoll.de\/wp-content\/uploads\/2018\/05\/winner_badge2-768x359.jpg 768w\" sizes=\"(max-width: 180px) 100vw, 180px\" \/><img loading=\"lazy\" class=\"alignleft wp-image-1399\" src=\"http:\/\/stamperamentvoll.de\/wp-content\/uploads\/2016\/02\/winner_badge2.jpg\" alt=\"\" width=\"180\" height=\"84\" \/><\/p>\n<p style=\"text-align: right;\"><span style=\"color: #ffffff;\">_<\/span><br \/>\nNovember 2017 &#8211; <a href=\"http:\/\/taskfortwotuesday.blogspot.de\/2017\/11\/task-for-two-tuesday-89-party.html\">Gewonnen bei Task for Two Tuesday<\/a><br \/>\nSeptember 2017 &#8211; <a href=\"http:\/\/taskfortwotuesday.blogspot.de\/2017\/09\/task-for-two-tuesday-85-welcome-baby.html\">Gewonnen bei Task for Two Tuesday<\/a><\/p>\n<p style=\"text-align: right;\"><span style=\"color: #ffffff;\">_<\/span><br \/>\n<span style=\"color: #ffffff;\"><img loading=\"lazy\" class=\"wp-image-177 alignleft\" style=\"text-align: right;\" src=\"http:\/\/stamperamentvoll.de\/wp-content\/uploads\/2016\/02\/Download-1.png\" alt=\"\" width=\"160\" height=\"112\" \/>_<\/span><br \/>\nAugust 2017 &#8211; <a href=\"http:\/\/www.inkspire-me.com\/2017\/08\/inkspireme-challenge-311-winners.html\">Winner bei IN{K}SPIRE_me<\/a><\/p>\n<p><img loading=\"lazy\" class=\"alignleft wp-image-1342\" src=\"http:\/\/stamperamentvoll.de\/wp-content\/uploads\/2016\/02\/Badge-Runner-up-1.jpg\" alt=\"\" width=\"160\" height=\"112\" \/><\/p>\n<p style=\"text-align: right;\"><span style=\"color: #ffffff;\">&#8211;<\/span><br \/>\nSeptember 2017 &#8211; <a href=\"http:\/\/www.inkspire-me.com\/2017\/09\/inkspireme-challenge-315-winners.html\">Runner up bei IN{K}SPIRE_me<br \/>\n<\/a>April 2017 &#8211; <a href=\"http:\/\/www.inkspire-me.com\/2017\/04\/inkspireme-challenge-293-winners.html\">Runner up bei INKSPIRE_me<\/a><a href=\"http:\/\/www.inkspire-me.com\/2017\/09\/inkspireme-challenge-315-winners.html\"><br \/>\n<\/a>M\u00e4rz 2017 &#8211; <a href=\"http:\/\/www.inkspire-me.com\/2017\/03\/inkspireme-challenge-290-winners.html\">Runner up bei IN{K}SPIRE_me<\/a><\/p>\n<p><img loading=\"lazy\" class=\"alignleft wp-image-831\" src=\"http:\/\/stamperamentvoll.de\/wp-content\/uploads\/2016\/02\/top3.png\" alt=\"\" width=\"180\" height=\"127\" \/><\/p>\n<p style=\"text-align: right;\"><span style=\"color: #ffffff;\">&#8211;<\/span><br \/>\nNovember 2017 &#8211; <a href=\"http:\/\/challengeupyourlife.blogspot.de\/2017\/11\/challenge-78-gewinner-top-3.html#.Wgifl10ZOUk\">Top 3 bei Challenge up your life<\/a><br \/>\nOktober 2017 &#8211;<a href=\"http:\/\/challengeupyourlife.blogspot.de\/2017\/10\/challenge-77-gewinner-top-3.html#.WfoolF1b6Uk\"> Top 3 bei Challenge up your life<\/a><br \/>\nApril 2017 &#8211; <a href=\"http:\/\/challengeupyourlife.blogspot.de\/2017\/04\/challenge-63-gewinner-top-3.html#.WPJ2JDFSCUk\">Top 3 bei Challenge up your life<br \/>\n<\/a>M\u00e4rz 2017 &#8211; <a href=\"http:\/\/challengeupyourlife.blogspot.de\/2017\/03\/challenge-61-gewinner-top-3.html#.WbWGVagcyUk\">Top 3 bei Challenge up your life<\/a><\/p>\n<p><a href=\"http:\/\/challengeupyourlife.blogspot.de\/2017\/04\/challenge-62-gewinner-top-3.html#.WPJzVzFSCUk\"><img loading=\"lazy\" class=\"alignleft wp-image-833\" src=\"http:\/\/stamperamentvoll.de\/wp-content\/uploads\/2016\/02\/winner_cuyl.jpg\" alt=\"\" width=\"200\" height=\"124\" srcset=\"https:\/\/stamperamentvoll.de\/wp-content\/uploads\/2016\/02\/winner_cuyl.jpg 800w, https:\/\/stamperamentvoll.de\/wp-content\/uploads\/2016\/02\/winner_cuyl-300x186.jpg 300w, https:\/\/stamperamentvoll.de\/wp-content\/uploads\/2016\/02\/winner_cuyl-768x476.jpg 768w\" sizes=\"(max-width: 200px) 100vw, 200px\" \/><\/a><\/p>\n<p style=\"text-align: right;\">April 2017 &#8211; <a href=\"http:\/\/challengeupyourlife.blogspot.de\/2017\/04\/challenge-62-gewinner-top-3.html#.WPJ5cDFSCUk\">Winner bei Challenge up your life<\/a><\/p>\n<p><a href=\"\/\/www.pinterest.com\/pin\/create\/button\/\" data-pin-do=\"buttonBookmark\" data-pin-color=\"red\" data-pin-height=\"128\"><img src=\"\/\/assets.pinterest.com\/images\/pidgets\/pinit_fg_en_rect_red_28.png\" \/><\/a><\/p>","protected":false},"excerpt":{"rendered":"<p>Ochn\u00f6\u00f6\u00f6\u00f6, schon wieder ein Blog \u2026 Ja aber klar! \u00a0Wie soll ich sonst meine Kreativit\u00e4t in die Welt streuen, auf dass sie wachse und gedeihe? Ich schnibbele und klebe mich durch&#8217;s Leben und habe jede Menge Spa\u00df dabei. \u00a0xD Spass am kreativen Gestalten? \u2013 Check! Pinterest? \u2013 Check! Blog? \u00a0\u2013 Check! Youtube? \u2013 nur keine &#8230; <span class=\"more\"><a class=\"more-link\" href=\"https:\/\/stamperamentvoll.de\/?page_id=6\">[mehr&#8230;]<\/a><\/span><\/p>\n","protected":false},"author":1,"featured_media":0,"parent":0,"menu_order":1,"comment_status":"closed","ping_status":"closed","template":"","meta":[],"_links":{"self":[{"href":"https:\/\/stamperamentvoll.de\/index.php?rest_route=\/wp\/v2\/pages\/6"}],"collection":[{"href":"https:\/\/stamperamentvoll.de\/index.php?rest_route=\/wp\/v2\/pages"}],"about":[{"href":"https:\/\/stamperamentvoll.de\/index.php?rest_route=\/wp\/v2\/types\/page"}],"author":[{"embeddable":true,"href":"https:\/\/stamperamentvoll.de\/index.php?rest_route=\/wp\/v2\/users\/1"}],"replies":[{"embeddable":true,"href":"https:\/\/stamperamentvoll.de\/index.php?rest_route=%2Fwp%2Fv2%2Fcomments&post=6"}],"version-history":[{"count":10,"href":"https:\/\/stamperamentvoll.de\/index.php?rest_route=\/wp\/v2\/pages\/6\/revisions"}],"predecessor-version":[{"id":3157,"href":"https:\/\/stamperamentvoll.de\/index.php?rest_route=\/wp\/v2\/pages\/6\/revisions\/3157"}],"wp:attachment":[{"href":"https:\/\/stamperamentvoll.de\/index.php?rest_route=%2Fwp%2Fv2%2Fmedia&parent=6"}],"curies":[{"name":"wp","href":"https:\/\/api.w.org\/{rel}","templated":true}]}}